{"id":963,"date":"2024-11-08T16:29:38","date_gmt":"2024-11-08T16:29:38","guid":{"rendered":"https:\/\/smach.science\/communication-lecture\/"},"modified":"2025-12-03T17:04:16","modified_gmt":"2025-12-03T17:04:16","slug":"scientific-literature","status":"publish","type":"page","link":"https:\/\/smach.science\/en\/scientific-literature\/","title":{"rendered":"Scientific literature"},"content":{"rendered":"<p>[et_pb_section fb_built=&#8221;1&#8243; admin_label=&#8221;section&#8221; _builder_version=&#8221;4.16&#8243; collapsed=&#8221;off&#8221; global_colors_info=&#8221;{}&#8221;][et_pb_row column_structure=&#8221;2_3,1_3&#8243; admin_label=&#8221;row&#8221; _builder_version=&#8221;4.16&#8243; background_size=&#8221;initial&#8221; background_position=&#8221;top_left&#8221; background_repeat=&#8221;repeat&#8221; global_colors_info=&#8221;{}&#8221;][et_pb_column type=&#8221;2_3&#8243; _builder_version=&#8221;4.16&#8243; custom_padding=&#8221;|||&#8221; global_colors_info=&#8221;{}&#8221; custom_padding__hover=&#8221;|||&#8221;][et_pb_divider color=&#8221;#008CFE&#8221; divider_weight=&#8221;6px&#8221; _builder_version=&#8221;4.27.4&#8243; _module_preset=&#8221;default&#8221; width=&#8221;9%&#8221; width_tablet=&#8221;&#8221; width_phone=&#8221;33%&#8221; width_last_edited=&#8221;on|phone&#8221; custom_margin=&#8221;||6px||false|false&#8221; global_module=&#8221;147&#8243; saved_tabs=&#8221;all&#8221; global_colors_info=&#8221;{}&#8221;][\/et_pb_divider][et_pb_text admin_label=&#8221;Text&#8221; _builder_version=&#8221;4.27.4&#8243; background_size=&#8221;initial&#8221; background_position=&#8221;top_left&#8221; background_repeat=&#8221;repeat&#8221; custom_margin=&#8221;||22px||false|false&#8221; custom_padding=&#8221;||22px||false|false&#8221; hover_enabled=&#8221;0&#8243; global_colors_info=&#8221;{}&#8221; sticky_enabled=&#8221;0&#8243;]<\/p>\n<h1>Scientific literature<\/h1>\n<p>[\/et_pb_text][et_pb_text _builder_version=&#8221;4.27.4&#8243; _module_preset=&#8221;default&#8221; hover_enabled=&#8221;0&#8243; global_colors_info=&#8221;{}&#8221; sticky_enabled=&#8221;0&#8243;]<\/p>\n<h3><span class=\"liteblue\">Innovation is born from the sharing of knowledge.<\/span><br \/>\nIn collaboration with researchers, curators and heritage experts, we contribute to advancing thinking on the integration of science and mechanical engineering in conservation and cultural heritage studies.<\/h3>\n<p>[\/et_pb_text][\/et_pb_column][et_pb_column type=&#8221;1_3&#8243; _builder_version=&#8221;4.16&#8243; custom_padding=&#8221;|||&#8221; global_colors_info=&#8221;{}&#8221; custom_padding__hover=&#8221;|||&#8221;][\/et_pb_column][\/et_pb_row][et_pb_row admin_label=&#8221;row&#8221; _builder_version=&#8221;4.16&#8243; background_size=&#8221;initial&#8221; background_position=&#8221;top_left&#8221; background_repeat=&#8221;repeat&#8221; global_colors_info=&#8221;{}&#8221;][et_pb_column type=&#8221;4_4&#8243; _builder_version=&#8221;4.16&#8243; custom_padding=&#8221;|||&#8221; global_colors_info=&#8221;{}&#8221; custom_padding__hover=&#8221;|||&#8221;][et_pb_text admin_label=&#8221;Text&#8221; _builder_version=&#8221;4.27.4&#8243; background_size=&#8221;initial&#8221; background_position=&#8221;top_left&#8221; background_repeat=&#8221;repeat&#8221; custom_margin=&#8221;||22px||false|false&#8221; custom_padding=&#8221;||22px||false|false&#8221; border_color_all=&#8221;#000029&#8243; border_width_bottom=&#8221;1px&#8221; border_color_bottom=&#8221;rgba(0,140,254,0.22)&#8221; global_colors_info=&#8221;{}&#8221;]<\/p>\n<p>D. Jullien <em>et al.<\/em>, \u201cHygromechanical study of a 16th century painted wooden panel: In-situ experiments to quantify the mechanical effect of the frame and the cradle,\u201d Journal of Cultural Heritage, vol. 64, pp. 266\u2013274, Nov. 2023, <a href=\"https:\/\/doi.org\/10.1016\/j.culher.2023.10.011\" target=\"blank\" class=\"slink\" rel=\"noopener\">https:\/\/doi.org\/10.1016\/j.culher.2023.10.011<\/a>.<\/p>\n<p>[\/et_pb_text][et_pb_text admin_label=&#8221;Text&#8221; _builder_version=&#8221;4.27.4&#8243; background_size=&#8221;initial&#8221; background_position=&#8221;top_left&#8221; background_repeat=&#8221;repeat&#8221; custom_margin=&#8221;||22px||false|false&#8221; custom_padding=&#8221;||22px||false|false&#8221; border_color_all=&#8221;#000029&#8243; border_width_bottom=&#8221;1px&#8221; border_color_bottom=&#8221;rgba(0,140,254,0.22)&#8221; global_colors_info=&#8221;{}&#8221;]C. Gauvin, L. Sauvage and G. Tournillon, \u201cEngineering approach to conservation. Monitoring hygromechanical behaviour as a tool for supporting decision-making of panel painting conservation\u201d, Wood Science and Technology III Conference 19-20-21 October 2023, Maastricht.[\/et_pb_text][et_pb_text admin_label=&#8221;Text&#8221; _builder_version=&#8221;4.27.4&#8243; background_size=&#8221;initial&#8221; background_position=&#8221;top_left&#8221; background_repeat=&#8221;repeat&#8221; custom_margin=&#8221;||22px||false|false&#8221; custom_padding=&#8221;||22px||false|false&#8221; border_color_all=&#8221;#000029&#8243; border_width_bottom=&#8221;1px&#8221; border_color_bottom=&#8221;rgba(0,140,254,0.22)&#8221; global_colors_info=&#8221;{}&#8221;]C. Gauvin et G. Tournillon, \u201cConservation extr\u00eame, aide au diagnostic par la caract\u00e9risation de la m\u00e9canique du bois\u201d, SFIIC &#8211; 11\u00e8me Journ\u00e9e d&#8217;\u00e9tude du Groupe Bois : &#8220;Que fait-on quand il n\u2019y a plus rien \u00e0 faire ?&#8221; 06 Octobre 2023, Paris.[\/et_pb_text][et_pb_text admin_label=&#8221;Text&#8221; _builder_version=&#8221;4.27.2&#8243; background_size=&#8221;initial&#8221; background_position=&#8221;top_left&#8221; background_repeat=&#8221;repeat&#8221; custom_margin=&#8221;||22px||false|false&#8221; custom_padding=&#8221;||22px||false|false&#8221; border_color_all=&#8221;#000029&#8243; border_width_bottom=&#8221;1px&#8221; border_color_bottom=&#8221;rgba(0,140,254,0.22)&#8221; global_colors_info=&#8221;{}&#8221;]<\/p>\n<p>C. Gauvin, L. Sauvage, T. Bajon-Bouzid, R. D\u00e9jean, G. Tournillon, and E. A. Bentz, \u201cA 1000-year-old story told over 70 meters: A multidisciplinary approach for the future conservation and display of the Bayeux Tapestry,\u201d in Working Towards a Sustainable Past. ICOM-CC20th Triennial Conference Preprints, Valencia,18\u201322 September 2023, J. Bridgland, Ed., Paris: International Council of Museums, 2023.<\/p>\n<p>[\/et_pb_text][et_pb_text admin_label=&#8221;Text&#8221; _builder_version=&#8221;4.27.2&#8243; background_size=&#8221;initial&#8221; background_position=&#8221;top_left&#8221; background_repeat=&#8221;repeat&#8221; custom_margin=&#8221;||22px||false|false&#8221; custom_padding=&#8221;||22px||false|false&#8221; border_color_all=&#8221;#000029&#8243; border_width_bottom=&#8221;1px&#8221; border_color_bottom=&#8221;rgba(0,140,254,0.22)&#8221; global_colors_info=&#8221;{}&#8221;]<\/p>\n<p>J.-C. Dupr\u00e9 <em>et al.<\/em>, \u201cExperimental study of the hygromechanical behaviour of a historic painting on wooden panel : devices and measurement techniques,\u201d Journal of Cultural Heritage, vol. 46, pp. 165\u2013175, Nov. 2020, <a href=\"https:\/\/doi.org\/10.1016\/j.culher.2020.09.003\">https:\/\/doi.org\/10.1016\/j.culher.2020.09.003<\/a>.<\/p>\n<p>[\/et_pb_text][et_pb_text admin_label=&#8221;Text&#8221; _builder_version=&#8221;4.27.2&#8243; background_size=&#8221;initial&#8221; background_position=&#8221;top_left&#8221; background_repeat=&#8221;repeat&#8221; custom_margin=&#8221;||22px||false|false&#8221; custom_padding=&#8221;||22px||false|false&#8221; border_color_all=&#8221;#000029&#8243; border_width_bottom=&#8221;1px&#8221; border_color_bottom=&#8221;rgba(0,140,254,0.22)&#8221; global_colors_info=&#8221;{}&#8221;]<\/p>\n<p>L. Sauvage, W. Wei, and M. Martinez, \u201cWhen conservation meets engineering: predicting the damaging effects of vibrations on pastel paintings,\u201d Studies in Conservation, vol. 63, no. sup1, pp. 418\u2013420, Aug. 2018, <a href=\"https:\/\/doi.org\/10.1080\/00393630.2018.1504444\">https:\/\/doi.org\/10.1080\/00393630.2018.1504444<\/a>.<\/p>\n<p>[\/et_pb_text][et_pb_text admin_label=&#8221;Text&#8221; _builder_version=&#8221;4.27.2&#8243; background_size=&#8221;initial&#8221; background_position=&#8221;top_left&#8221; background_repeat=&#8221;repeat&#8221; custom_margin=&#8221;||22px||false|false&#8221; custom_padding=&#8221;||22px||false|false&#8221; border_color_all=&#8221;#000029&#8243; border_width_bottom=&#8221;1px&#8221; border_color_bottom=&#8221;rgba(0,140,254,0.22)&#8221; global_colors_info=&#8221;{}&#8221;]<\/p>\n<p>L. Sauvage, H. Stratis, and L. Harrison, \u201cPastel roundtable: a study day at the national gallery, London April 30, 2018,\u201d Journal of Paper Conservation, vol. 19, no. 1, pp. 33\u201335, 2018, <a href=\"https:\/\/doi.org\/10.1080\/18680860.2019.1580005\">https:\/\/doi.org\/10.1080\/18680860.2019.1580005<\/a>.<\/p>\n<p>[\/et_pb_text][et_pb_text admin_label=&#8221;Text&#8221; _builder_version=&#8221;4.27.2&#8243; background_size=&#8221;initial&#8221; background_position=&#8221;top_left&#8221; background_repeat=&#8221;repeat&#8221; custom_margin=&#8221;||22px||false|false&#8221; custom_padding=&#8221;||22px||false|false&#8221; border_color_all=&#8221;#000029&#8243; border_width_bottom=&#8221;1px&#8221; border_color_bottom=&#8221;rgba(0,140,254,0.22)&#8221; global_colors_info=&#8221;{}&#8221;]<\/p>\n<p>C. Gauvin <em>et al.<\/em>, \u201cStrain measurements during structural conservation treatment and the long-term monitoring of a 17th-century Dutch panel painting,\u201d in ICOM Committee for Conservation 18th Triennial Meeting Copenhagen Denmark 4-8 September 2017, Pulido &amp; Nunes; ICOM Committee for Conservation, 2017.<\/p>\n<p>[\/et_pb_text][et_pb_text admin_label=&#8221;Text&#8221; _builder_version=&#8221;4.27.2&#8243; background_size=&#8221;initial&#8221; background_position=&#8221;top_left&#8221; background_repeat=&#8221;repeat&#8221; custom_margin=&#8221;||22px||false|false&#8221; custom_padding=&#8221;||22px||false|false&#8221; border_color_all=&#8221;#000029&#8243; border_width_bottom=&#8221;1px&#8221; border_color_bottom=&#8221;rgba(0,140,254,0.22)&#8221; global_colors_info=&#8221;{}&#8221;]<\/p>\n<p>S. E. Ekelund <em>et al.<\/em>, \u201cThe development of a methodology to understand climate-induced damage in decorated oak wood panels,\u201d in ICOM-CC 18th Triennial Conference The development of a methodology 2017 Copenhagen, 2017.<\/p>\n<p>[\/et_pb_text][et_pb_text admin_label=&#8221;Text&#8221; _builder_version=&#8221;4.27.2&#8243; background_size=&#8221;initial&#8221; background_position=&#8221;top_left&#8221; background_repeat=&#8221;repeat&#8221; custom_margin=&#8221;||22px||false|false&#8221; custom_padding=&#8221;||22px||false|false&#8221; border_color_all=&#8221;#000029&#8243; border_width_bottom=&#8221;1px&#8221; border_color_bottom=&#8221;rgba(0,140,254,0.22)&#8221; global_colors_info=&#8221;{}&#8221;]<\/p>\n<p>J. Gril <em>et al.<\/em>, \u201cThe Mona Lisa Project: an update on the progress of measurement, monitoring, modelisation and simulation,\u201d in EuroMech 2015: Theoretical, Numerical and Experimental Analyses in Wood, Dresden, Germany, 27-29 May 2015, 2015.<\/p>\n<p>[\/et_pb_text][et_pb_text admin_label=&#8221;Text&#8221; _builder_version=&#8221;4.27.2&#8243; background_size=&#8221;initial&#8221; background_position=&#8221;top_left&#8221; background_repeat=&#8221;repeat&#8221; custom_margin=&#8221;||22px||false|false&#8221; custom_padding=&#8221;||22px||false|false&#8221; border_color_all=&#8221;#000029&#8243; border_width_bottom=&#8221;1px&#8221; border_color_bottom=&#8221;rgba(0,140,254,0.22)&#8221; global_colors_info=&#8221;{}&#8221;]<\/p>\n<p>C. Gauvin, D. Jullien, P. Doumalin, J.-C. Dupr\u00e9, and J. Gril, \u201cImage correlation to evaluate the influence of hygrothermal loading on wood,\u201d Strain, vol. 50, no. 5, pp. 428\u2013436, 2014, <a href=\"https:\/\/doi.org\/10.1111\/str.12090\">https:\/\/doi.org\/10.1111\/str.12090<\/a>.<\/p>\n<p>[\/et_pb_text][et_pb_text admin_label=&#8221;Text&#8221; _builder_version=&#8221;4.27.2&#8243; background_size=&#8221;initial&#8221; background_position=&#8221;top_left&#8221; background_repeat=&#8221;repeat&#8221; custom_margin=&#8221;||22px||false|false&#8221; custom_padding=&#8221;||22px||false|false&#8221; border_color_all=&#8221;#000029&#8243; border_width_bottom=&#8221;1px&#8221; border_color_bottom=&#8221;rgba(0,140,254,0.22)&#8221; global_colors_info=&#8221;{}&#8221;]<\/p>\n<p>W. Wei, L. Sauvage, and J. W\u00f6lk, \u201cBaseline limits for allowable vibrations for objects,\u201d in ICOM-CC 17th Triennial Conference Preprints, Melbourne, 15\u201319 September 2014, J. Bridgland, Ed., Paris: International Council of Museums, 2014.<\/p>\n<p>[\/et_pb_text][\/et_pb_column][\/et_pb_row][\/et_pb_section]<\/p>\n","protected":false},"excerpt":{"rendered":"<p>Scientific literatureInnovation is born from the sharing of knowledge. In collaboration with researchers, curators and heritage experts, we contribute to advancing thinking on the integration of science and mechanical engineering in conservation and cultural heritage studies.D. Jullien et al., \u201cHygromechanical study of a 16th century painted wooden panel: In-situ experiments to quantify the mechanical effect [&hellip;]<\/p>\n","protected":false},"author":4,"featured_media":0,"parent":0,"menu_order":0,"comment_status":"closed","ping_status":"closed","template":"","meta":{"_et_pb_use_builder":"on","_et_pb_old_content":"","_et_gb_content_width":"","footnotes":""},"class_list":["post-963","page","type-page","status-publish","hentry"],"yoast_head":"<!-- This site is optimized with the Yoast SEO plugin v27.3 - https:\/\/yoast.com\/product\/yoast-seo-wordpress\/ -->\n<title>Scientific Literature \u2013 Monitoring and Conservation of Works of Art Scientific literature<\/title>\n<meta name=\"description\" content=\"Scientific literature on the transport, monitoring and preventive conservation of works of art, for museums and institutions.\" \/>\n<meta name=\"robots\" content=\"index, follow, max-snippet:-1, max-image-preview:large, max-video-preview:-1\" \/>\n<link rel=\"canonical\" href=\"https:\/\/smach.science\/en\/scientific-literature\/\" \/>\n<meta property=\"og:locale\" content=\"en_US\" \/>\n<meta property=\"og:type\" content=\"article\" \/>\n<meta property=\"og:title\" content=\"Scientific Literature \u2013 Monitoring and Conservation of Works of Art Scientific literature\" \/>\n<meta property=\"og:description\" content=\"Scientific literature on the transport, monitoring and preventive conservation of works of art, for museums and institutions.\" \/>\n<meta property=\"og:url\" content=\"https:\/\/smach.science\/en\/scientific-literature\/\" \/>\n<meta property=\"og:site_name\" content=\"SMACH\" \/>\n<meta property=\"article:publisher\" content=\"https:\/\/www.facebook.com\/admin.s.ma.c.h\" \/>\n<meta property=\"article:modified_time\" content=\"2025-12-03T17:04:16+00:00\" \/>\n<meta name=\"twitter:card\" content=\"summary_large_image\" \/>\n<meta name=\"twitter:site\" content=\"@SMACH99843219\" \/>\n<meta name=\"twitter:label1\" content=\"Est. reading time\" \/>\n\t<meta name=\"twitter:data1\" content=\"6 minutes\" \/>\n<script type=\"application\/ld+json\" class=\"yoast-schema-graph\">{\"@context\":\"https:\\\/\\\/schema.org\",\"@graph\":[{\"@type\":\"WebPage\",\"@id\":\"https:\\\/\\\/smach.science\\\/en\\\/scientific-literature\\\/\",\"url\":\"https:\\\/\\\/smach.science\\\/en\\\/scientific-literature\\\/\",\"name\":\"Scientific Literature \u2013 Monitoring and Conservation of Works of Art Scientific literature\",\"isPartOf\":{\"@id\":\"https:\\\/\\\/smach.science\\\/en\\\/#website\"},\"datePublished\":\"2024-11-08T16:29:38+00:00\",\"dateModified\":\"2025-12-03T17:04:16+00:00\",\"description\":\"Scientific literature on the transport, monitoring and preventive conservation of works of art, for museums and institutions.\",\"breadcrumb\":{\"@id\":\"https:\\\/\\\/smach.science\\\/en\\\/scientific-literature\\\/#breadcrumb\"},\"inLanguage\":\"en-US\",\"potentialAction\":[{\"@type\":\"ReadAction\",\"target\":[\"https:\\\/\\\/smach.science\\\/en\\\/scientific-literature\\\/\"]}]},{\"@type\":\"BreadcrumbList\",\"@id\":\"https:\\\/\\\/smach.science\\\/en\\\/scientific-literature\\\/#breadcrumb\",\"itemListElement\":[{\"@type\":\"ListItem\",\"position\":1,\"name\":\"Accueil\",\"item\":\"https:\\\/\\\/smach.science\\\/en\\\/\"},{\"@type\":\"ListItem\",\"position\":2,\"name\":\"Scientific literature\"}]},{\"@type\":\"WebSite\",\"@id\":\"https:\\\/\\\/smach.science\\\/en\\\/#website\",\"url\":\"https:\\\/\\\/smach.science\\\/en\\\/\",\"name\":\"SMACH\",\"description\":\"Science and Mechanics in Conservation of Heritage\",\"publisher\":{\"@id\":\"https:\\\/\\\/smach.science\\\/en\\\/#organization\"},\"potentialAction\":[{\"@type\":\"SearchAction\",\"target\":{\"@type\":\"EntryPoint\",\"urlTemplate\":\"https:\\\/\\\/smach.science\\\/en\\\/?s={search_term_string}\"},\"query-input\":{\"@type\":\"PropertyValueSpecification\",\"valueRequired\":true,\"valueName\":\"search_term_string\"}}],\"inLanguage\":\"en-US\"},{\"@type\":\"Organization\",\"@id\":\"https:\\\/\\\/smach.science\\\/en\\\/#organization\",\"name\":\"SMACH\",\"url\":\"https:\\\/\\\/smach.science\\\/en\\\/\",\"logo\":{\"@type\":\"ImageObject\",\"inLanguage\":\"en-US\",\"@id\":\"https:\\\/\\\/smach.science\\\/en\\\/#\\\/schema\\\/logo\\\/image\\\/\",\"url\":\"https:\\\/\\\/smach.science\\\/wp-content\\\/uploads\\\/2024\\\/11\\\/SMACH_logo_color.svg\",\"contentUrl\":\"https:\\\/\\\/smach.science\\\/wp-content\\\/uploads\\\/2024\\\/11\\\/SMACH_logo_color.svg\",\"width\":1,\"height\":1,\"caption\":\"SMACH\"},\"image\":{\"@id\":\"https:\\\/\\\/smach.science\\\/en\\\/#\\\/schema\\\/logo\\\/image\\\/\"},\"sameAs\":[\"https:\\\/\\\/www.facebook.com\\\/admin.s.ma.c.h\",\"https:\\\/\\\/x.com\\\/SMACH99843219\",\"https:\\\/\\\/www.linkedin.com\\\/company\\\/science-and-mechanics-in-conservation-of-heritage\\\/\"]}]}<\/script>\n<!-- \/ Yoast SEO plugin. -->","yoast_head_json":{"title":"Scientific Literature \u2013 Monitoring and Conservation of Works of Art Scientific literature","description":"Scientific literature on the transport, monitoring and preventive conservation of works of art, for museums and institutions.","robots":{"index":"index","follow":"follow","max-snippet":"max-snippet:-1","max-image-preview":"max-image-preview:large","max-video-preview":"max-video-preview:-1"},"canonical":"https:\/\/smach.science\/en\/scientific-literature\/","og_locale":"en_US","og_type":"article","og_title":"Scientific Literature \u2013 Monitoring and Conservation of Works of Art Scientific literature","og_description":"Scientific literature on the transport, monitoring and preventive conservation of works of art, for museums and institutions.","og_url":"https:\/\/smach.science\/en\/scientific-literature\/","og_site_name":"SMACH","article_publisher":"https:\/\/www.facebook.com\/admin.s.ma.c.h","article_modified_time":"2025-12-03T17:04:16+00:00","twitter_card":"summary_large_image","twitter_site":"@SMACH99843219","twitter_misc":{"Est. reading time":"6 minutes"},"schema":{"@context":"https:\/\/schema.org","@graph":[{"@type":"WebPage","@id":"https:\/\/smach.science\/en\/scientific-literature\/","url":"https:\/\/smach.science\/en\/scientific-literature\/","name":"Scientific Literature \u2013 Monitoring and Conservation of Works of Art Scientific literature","isPartOf":{"@id":"https:\/\/smach.science\/en\/#website"},"datePublished":"2024-11-08T16:29:38+00:00","dateModified":"2025-12-03T17:04:16+00:00","description":"Scientific literature on the transport, monitoring and preventive conservation of works of art, for museums and institutions.","breadcrumb":{"@id":"https:\/\/smach.science\/en\/scientific-literature\/#breadcrumb"},"inLanguage":"en-US","potentialAction":[{"@type":"ReadAction","target":["https:\/\/smach.science\/en\/scientific-literature\/"]}]},{"@type":"BreadcrumbList","@id":"https:\/\/smach.science\/en\/scientific-literature\/#breadcrumb","itemListElement":[{"@type":"ListItem","position":1,"name":"Accueil","item":"https:\/\/smach.science\/en\/"},{"@type":"ListItem","position":2,"name":"Scientific literature"}]},{"@type":"WebSite","@id":"https:\/\/smach.science\/en\/#website","url":"https:\/\/smach.science\/en\/","name":"SMACH","description":"Science and Mechanics in Conservation of Heritage","publisher":{"@id":"https:\/\/smach.science\/en\/#organization"},"potentialAction":[{"@type":"SearchAction","target":{"@type":"EntryPoint","urlTemplate":"https:\/\/smach.science\/en\/?s={search_term_string}"},"query-input":{"@type":"PropertyValueSpecification","valueRequired":true,"valueName":"search_term_string"}}],"inLanguage":"en-US"},{"@type":"Organization","@id":"https:\/\/smach.science\/en\/#organization","name":"SMACH","url":"https:\/\/smach.science\/en\/","logo":{"@type":"ImageObject","inLanguage":"en-US","@id":"https:\/\/smach.science\/en\/#\/schema\/logo\/image\/","url":"https:\/\/smach.science\/wp-content\/uploads\/2024\/11\/SMACH_logo_color.svg","contentUrl":"https:\/\/smach.science\/wp-content\/uploads\/2024\/11\/SMACH_logo_color.svg","width":1,"height":1,"caption":"SMACH"},"image":{"@id":"https:\/\/smach.science\/en\/#\/schema\/logo\/image\/"},"sameAs":["https:\/\/www.facebook.com\/admin.s.ma.c.h","https:\/\/x.com\/SMACH99843219","https:\/\/www.linkedin.com\/company\/science-and-mechanics-in-conservation-of-heritage\/"]}]}},"_links":{"self":[{"href":"https:\/\/smach.science\/en\/wp-json\/wp\/v2\/pages\/963","targetHints":{"allow":["GET"]}}],"collection":[{"href":"https:\/\/smach.science\/en\/wp-json\/wp\/v2\/pages"}],"about":[{"href":"https:\/\/smach.science\/en\/wp-json\/wp\/v2\/types\/page"}],"author":[{"embeddable":true,"href":"https:\/\/smach.science\/en\/wp-json\/wp\/v2\/users\/4"}],"replies":[{"embeddable":true,"href":"https:\/\/smach.science\/en\/wp-json\/wp\/v2\/comments?post=963"}],"version-history":[{"count":3,"href":"https:\/\/smach.science\/en\/wp-json\/wp\/v2\/pages\/963\/revisions"}],"predecessor-version":[{"id":2415,"href":"https:\/\/smach.science\/en\/wp-json\/wp\/v2\/pages\/963\/revisions\/2415"}],"wp:attachment":[{"href":"https:\/\/smach.science\/en\/wp-json\/wp\/v2\/media?parent=963"}],"curies":[{"name":"wp","href":"https:\/\/api.w.org\/{rel}","templated":true}]}}